{"id":724,"date":"2020-05-25T12:15:05","date_gmt":"2020-05-25T10:15:05","guid":{"rendered":"http:\/\/miundma.de\/wp\/?page_id=724"},"modified":"2023-06-18T01:17:21","modified_gmt":"2023-06-17T23:17:21","slug":"kontakt","status":"publish","type":"page","link":"https:\/\/miundma.de\/wp\/kontakt\/","title":{"rendered":"Kontakt"},"content":{"rendered":"\n<p>So erreichst du mich \ud83d\ude42 :<\/p>\n\n\n\n<p><strong>Email<\/strong>   lena@miundma.de&nbsp;<br><strong>Telefon<\/strong>   0 23 73 &#8211; 961 39 08 <\/p>\n\n\n\n<p><br>Aufgrund der Kurszeiten bin ich \u00fcber E-Mail besser erreichbar. Du kannst mich trotzdem auch gerne telefonisch kontaktieren. Wenn du eine Nachricht auf dem Anrufbeantworter hinterl\u00e4sst, melde ich mich gerne zur\u00fcck.<\/p>\n\n\n\n\n\n<p><\/p>\n\n\n\n<p>mi&amp;ma ist auch gut aus Fr\u00f6ndenberg, Hemer, Iserlohn und Wickede zu erreichen. <\/p>\n","protected":false},"excerpt":{"rendered":"<p>So erreichst du mich \ud83d\ude42 : Email lena@miundma.de&nbsp;Telefon 0 23 73 &#8211; 961 39 08 Aufgrund der Kurszeiten bin ich \u00fcber E-Mail besser erreichbar. Du kannst mich trotzdem auch gerne telefonisch kontaktieren. Wenn du eine Nachricht auf dem Anrufbeantworter hinterl\u00e4sst, melde ich mich gerne zur\u00fcck. mi&amp;ma ist auch gut aus Fr\u00f6ndenberg, Hemer, Iserlohn und Wickede &hellip; <\/p>\n<p class=\"link-more\"><a href=\"https:\/\/miundma.de\/wp\/kontakt\/\" class=\"more-link\"><span class=\"screen-reader-text\">\u201eKontakt\u201c<\/span> weiterlesen<\/a><\/p>\n","protected":false},"author":2,"featured_media":0,"parent":0,"menu_order":0,"comment_status":"closed","ping_status":"closed","template":"","meta":{"footnotes":""},"_links":{"self":[{"href":"https:\/\/miundma.de\/wp\/wp-json\/wp\/v2\/pages\/724"}],"collection":[{"href":"https:\/\/miundma.de\/wp\/wp-json\/wp\/v2\/pages"}],"about":[{"href":"https:\/\/miundma.de\/wp\/wp-json\/wp\/v2\/types\/page"}],"author":[{"embeddable":true,"href":"https:\/\/miundma.de\/wp\/wp-json\/wp\/v2\/users\/2"}],"replies":[{"embeddable":true,"href":"https:\/\/miundma.de\/wp\/wp-json\/wp\/v2\/comments?post=724"}],"version-history":[{"count":10,"href":"https:\/\/miundma.de\/wp\/wp-json\/wp\/v2\/pages\/724\/revisions"}],"predecessor-version":[{"id":989,"href":"https:\/\/miundma.de\/wp\/wp-json\/wp\/v2\/pages\/724\/revisions\/989"}],"wp:attachment":[{"href":"https:\/\/miundma.de\/wp\/wp-json\/wp\/v2\/media?parent=724"}],"curies":[{"name":"wp","href":"https:\/\/api.w.org\/{rel}","templated":true}]}}